{"id":29,"date":"2024-01-25T19:56:37","date_gmt":"2024-01-25T19:56:37","guid":{"rendered":"https:\/\/tufarmaciavirtual.com\/blog\/?page_id=29"},"modified":"2024-05-28T02:25:58","modified_gmt":"2024-05-28T01:25:58","slug":"home","status":"publish","type":"page","link":"https:\/\/tufarmaciavirtual.com\/blog\/","title":{"rendered":"Home"},"content":{"rendered":"\t\t<div data-elementor-type=\"wp-page\" data-elementor-id=\"29\" class=\"elementor elementor-29\" data-elementor-post-type=\"page\">\n\t\t\t\t<div class=\"elementor-element elementor-element-3c05788b e-con-full e-flex e-con e-parent\" data-id=\"3c05788b\" data-element_type=\"container\" data-settings=\"{&quot;content_width&quot;:&quot;full&quot;,&quot;container_type&quot;:&quot;flex&quot;}\" data-core-v316-plus=\"true\">\n\t\t<div class=\"elementor-element elementor-element-3dba5b46 e-con-full e-flex e-con e-child\" data-id=\"3dba5b46\" data-element_type=\"container\" data-settings=\"{&quot;content_width&quot;:&quot;full&quot;,&quot;container_type&quot;:&quot;flex&quot;}\">\n\t\t\t\t<div class=\"elementor-element elementor-element-4cc374f3 elementor-widget elementor-widget-heading\" data-id=\"4cc374f3\" data-element_type=\"widget\" data-settings=\"{&quot;motion_fx_motion_fx_scrolling&quot;:&quot;yes&quot;,&quot;motion_fx_devices&quot;:[&quot;desktop&quot;,&quot;tablet&quot;,&quot;mobile&quot;]}\" data-widget_type=\"heading.default\">\n\t\t\t\t<div class=\"elementor-widget-container\">\n\t\t\t<style>\/*! elementor - v3.19.0 - 28-02-2024 *\/\n.elementor-heading-title{padding:0;margin:0;line-height:1}.elementor-widget-heading .elementor-heading-title[class*=elementor-size-]>a{color:inherit;font-size:inherit;line-height:inherit}.elementor-widget-heading .elementor-heading-title.elementor-size-small{font-size:15px}.elementor-widget-heading .elementor-heading-title.elementor-size-medium{font-size:19px}.elementor-widget-heading .elementor-heading-title.elementor-size-large{font-size:29px}.elementor-widget-heading .elementor-heading-title.elementor-size-xl{font-size:39px}.elementor-widget-heading .elementor-heading-title.elementor-size-xxl{font-size:59px}<\/style><h2 class=\"elementor-heading-title elementor-size-default\">Bienvenidos al blog de la Farm\u00e0cia de L\u00f2ria<\/h2>\t\t<\/div>\n\t\t\t\t<\/div>\n\t\t\t\t<div class=\"elementor-element elementor-element-61dc85f5 elementor-widget elementor-widget-heading\" data-id=\"61dc85f5\" data-element_type=\"widget\" data-widget_type=\"heading.default\">\n\t\t\t\t<div class=\"elementor-widget-container\">\n\t\t\t<h1 class=\"elementor-heading-title elementor-size-default\">Tu salud, nuestra sonrisa<\/h1>\t\t<\/div>\n\t\t\t\t<\/div>\n\t\t\t\t<\/div>\n\t\t<div class=\"elementor-element elementor-element-1e92615a e-con-full e-flex e-con e-child\" data-id=\"1e92615a\" data-element_type=\"container\" data-settings=\"{&quot;content_width&quot;:&quot;full&quot;,&quot;background_background&quot;:&quot;classic&quot;,&quot;container_type&quot;:&quot;flex&quot;}\">\n\t\t\t\t<\/div>\n\t\t\t\t<\/div>\n\t\t<div class=\"elementor-element elementor-element-43c22794 e-flex e-con-boxed e-con e-parent\" data-id=\"43c22794\" data-element_type=\"container\" data-settings=\"{&quot;container_type&quot;:&quot;flex&quot;,&quot;content_width&quot;:&quot;boxed&quot;}\" data-core-v316-plus=\"true\">\n\t\t\t\t\t<div class=\"e-con-inner\">\n\t\t\t\t<div class=\"elementor-element elementor-element-9d54953 elementor-widget elementor-widget-heading\" data-id=\"9d54953\" data-element_type=\"widget\" data-widget_type=\"heading.default\">\n\t\t\t\t<div class=\"elementor-widget-container\">\n\t\t\t<h2 class=\"elementor-heading-title elementor-size-default\">Posts Destacados<\/h2>\t\t<\/div>\n\t\t\t\t<\/div>\n\t\t\t\t<div class=\"elementor-element elementor-element-cae659a elementor-posts__hover-none elementor-grid-3 elementor-grid-tablet-2 elementor-grid-mobile-1 elementor-posts--thumbnail-top elementor-widget elementor-widget-posts\" data-id=\"cae659a\" data-element_type=\"widget\" data-settings=\"{&quot;cards_row_gap&quot;:{&quot;unit&quot;:&quot;px&quot;,&quot;size&quot;:80,&quot;sizes&quot;:[]},&quot;cards_row_gap_tablet&quot;:{&quot;unit&quot;:&quot;px&quot;,&quot;size&quot;:71,&quot;sizes&quot;:[]},&quot;cards_row_gap_mobile&quot;:{&quot;unit&quot;:&quot;px&quot;,&quot;size&quot;:30,&quot;sizes&quot;:[]},&quot;cards_columns&quot;:&quot;3&quot;,&quot;cards_columns_tablet&quot;:&quot;2&quot;,&quot;cards_columns_mobile&quot;:&quot;1&quot;}\" data-widget_type=\"posts.cards\">\n\t\t\t\t<div class=\"elementor-widget-container\">\n\t\t\t<link rel=\"stylesheet\" href=\"https:\/\/tufarmaciavirtual.com\/blog\/wp-content\/plugins\/elementor-pro\/assets\/css\/widget-posts.min.css\">\t\t<div class=\"elementor-posts-container elementor-posts elementor-posts--skin-cards elementor-grid\">\r\n\t\t\t\t<article class=\"elementor-post elementor-grid-item post-1861 post type-post status-publish format-standard has-post-thumbnail hentry category-medicamentos tag-disfuncion-erectil-3 tag-disfuncion-sexual-2 tag-impotencia-masculina tag-pastilla-azul tag-pfizer tag-sexualidad-masculina tag-viagra\">\r\n\t\t\t<div class=\"elementor-post__card\">\r\n\t\t\t\t<a class=\"elementor-post__thumbnail__link\" href=\"https:\/\/tufarmaciavirtual.com\/blog\/viagra-pfizer-prospecto\/\" tabindex=\"-1\" ><div class=\"elementor-post__thumbnail\"><img fetchpriority=\"high\" decoding=\"async\" width=\"1792\" height=\"1024\" src=\"https:\/\/tufarmaciavirtual.com\/blog\/wp-content\/uploads\/2024\/10\/viagra-prospecto-farmacia-andorra.webp\" class=\"attachment-full size-full wp-image-1864\" alt=\"\" srcset=\"https:\/\/tufarmaciavirtual.com\/blog\/wp-content\/uploads\/2024\/10\/viagra-prospecto-farmacia-andorra.webp 1792w, https:\/\/tufarmaciavirtual.com\/blog\/wp-content\/uploads\/2024\/10\/viagra-prospecto-farmacia-andorra-300x171.webp 300w, https:\/\/tufarmaciavirtual.com\/blog\/wp-content\/uploads\/2024\/10\/viagra-prospecto-farmacia-andorra-1024x585.webp 1024w, https:\/\/tufarmaciavirtual.com\/blog\/wp-content\/uploads\/2024\/10\/viagra-prospecto-farmacia-andorra-768x439.webp 768w, https:\/\/tufarmaciavirtual.com\/blog\/wp-content\/uploads\/2024\/10\/viagra-prospecto-farmacia-andorra-1536x878.webp 1536w\" sizes=\"(max-width: 1792px) 100vw, 1792px\" \/><\/div><\/a>\r\n\t\t\t\t<div class=\"elementor-post__text\">\r\n\t\t\t\t<h4 class=\"elementor-post__title\">\r\n\t\t\t<a href=\"https:\/\/tufarmaciavirtual.com\/blog\/viagra-pfizer-prospecto\/\" >\r\n\t\t\t\tVIAGRA\u00ae Pfizer (prospecto)\t\t\t<\/a>\r\n\t\t<\/h4>\r\n\t\t\t\t<div class=\"elementor-post__excerpt\">\r\n\t\t\t<p>En esta p\u00e1gina encontrareis la informaci\u00f3n oficial sobre el prospecto del medicamento&nbsp;Viagra\u00ae&nbsp;aportada por el&nbsp;CIMA&nbsp;(Centro de Informaci\u00f3n Online de Medicamentos de<\/p>\n\t\t<\/div>\r\n\t\t\r\n\t\t<a class=\"elementor-post__read-more\" href=\"https:\/\/tufarmaciavirtual.com\/blog\/viagra-pfizer-prospecto\/\" aria-label=\"M\u00e1s informaci\u00f3n sobre VIAGRA\u00ae Pfizer (prospecto)\" tabindex=\"-1\" >\r\n\t\t\tLeer m\u00e1s\t\t<\/a>\r\n\r\n\t\t\t\t<\/div>\r\n\t\t\t\t\t<\/div>\r\n\t\t<\/article>\r\n\t\t\t\t<article class=\"elementor-post elementor-grid-item post-1616 post type-post status-publish format-standard has-post-thumbnail hentry category-26 category-faqs category-farmacia category-rejuvenecimiento-piel category-salud category-dormir-bien-50 category-dormir-bien tag-andorra tag-farmacia tag-melatonina tag-online tag-sin-receta\">\r\n\t\t\t<div class=\"elementor-post__card\">\r\n\t\t\t\t<a class=\"elementor-post__thumbnail__link\" href=\"https:\/\/tufarmaciavirtual.com\/blog\/comprar-melatonina-en-andorra-sin-receta\/\" tabindex=\"-1\" ><div class=\"elementor-post__thumbnail\"><img decoding=\"async\" width=\"2560\" height=\"1707\" src=\"https:\/\/tufarmaciavirtual.com\/blog\/wp-content\/uploads\/2024\/08\/farmacia-11-1-1-scaled.jpg\" class=\"attachment-full size-full wp-image-1623\" alt=\"Farm\u00e0cia de L\u00f2ria - Andorra\" srcset=\"https:\/\/tufarmaciavirtual.com\/blog\/wp-content\/uploads\/2024\/08\/farmacia-11-1-1-scaled.jpg 2560w, https:\/\/tufarmaciavirtual.com\/blog\/wp-content\/uploads\/2024\/08\/farmacia-11-1-1-300x200.jpg 300w, https:\/\/tufarmaciavirtual.com\/blog\/wp-content\/uploads\/2024\/08\/farmacia-11-1-1-1024x683.jpg 1024w, https:\/\/tufarmaciavirtual.com\/blog\/wp-content\/uploads\/2024\/08\/farmacia-11-1-1-768x512.jpg 768w, https:\/\/tufarmaciavirtual.com\/blog\/wp-content\/uploads\/2024\/08\/farmacia-11-1-1-1536x1024.jpg 1536w, https:\/\/tufarmaciavirtual.com\/blog\/wp-content\/uploads\/2024\/08\/farmacia-11-1-1-2048x1365.jpg 2048w\" sizes=\"(max-width: 2560px) 100vw, 2560px\" \/><\/div><\/a>\r\n\t\t\t\t<div class=\"elementor-post__text\">\r\n\t\t\t\t<h4 class=\"elementor-post__title\">\r\n\t\t\t<a href=\"https:\/\/tufarmaciavirtual.com\/blog\/comprar-melatonina-en-andorra-sin-receta\/\" >\r\n\t\t\t\tCOMPRAR MELATONINA EN ANDORRA SIN RECETA: Todo lo que Necesitas Saber\t\t\t<\/a>\r\n\t\t<\/h4>\r\n\t\t\t\t<div class=\"elementor-post__excerpt\">\r\n\t\t\t<p>\u00bfPor Qu\u00e9 en Andorra se Puede Comprar Melatonina sin Receta en Dosis de 3mg, 5mg y 10mg? Uno de las<\/p>\n\t\t<\/div>\r\n\t\t\r\n\t\t<a class=\"elementor-post__read-more\" href=\"https:\/\/tufarmaciavirtual.com\/blog\/comprar-melatonina-en-andorra-sin-receta\/\" aria-label=\"M\u00e1s informaci\u00f3n sobre COMPRAR MELATONINA EN ANDORRA SIN RECETA: Todo lo que Necesitas Saber\" tabindex=\"-1\" >\r\n\t\t\tLeer m\u00e1s\t\t<\/a>\r\n\r\n\t\t\t\t<\/div>\r\n\t\t\t\t\t<\/div>\r\n\t\t<\/article>\r\n\t\t\t\t<article class=\"elementor-post elementor-grid-item post-1713 post type-post status-publish format-standard has-post-thumbnail hentry category-control-del-peso category-medicamentos tag-adelgazar tag-diabetes tag-medicamentos-para-adelgazar tag-mounjaro tag-ozempic tag-wegovy\">\r\n\t\t\t<div class=\"elementor-post__card\">\r\n\t\t\t\t<a class=\"elementor-post__thumbnail__link\" href=\"https:\/\/tufarmaciavirtual.com\/blog\/comparativa-wegovy-ozempic-mounjaro\/\" tabindex=\"-1\" ><div class=\"elementor-post__thumbnail\"><img decoding=\"async\" width=\"1559\" height=\"895\" src=\"https:\/\/tufarmaciavirtual.com\/blog\/wp-content\/uploads\/2024\/08\/cintura-adelgazar.png\" class=\"attachment-full size-full wp-image-1793\" alt=\"\" srcset=\"https:\/\/tufarmaciavirtual.com\/blog\/wp-content\/uploads\/2024\/08\/cintura-adelgazar.png 1559w, https:\/\/tufarmaciavirtual.com\/blog\/wp-content\/uploads\/2024\/08\/cintura-adelgazar-300x172.png 300w, https:\/\/tufarmaciavirtual.com\/blog\/wp-content\/uploads\/2024\/08\/cintura-adelgazar-1024x588.png 1024w, https:\/\/tufarmaciavirtual.com\/blog\/wp-content\/uploads\/2024\/08\/cintura-adelgazar-768x441.png 768w, https:\/\/tufarmaciavirtual.com\/blog\/wp-content\/uploads\/2024\/08\/cintura-adelgazar-1536x882.png 1536w\" sizes=\"(max-width: 1559px) 100vw, 1559px\" \/><\/div><\/a>\r\n\t\t\t\t<div class=\"elementor-post__text\">\r\n\t\t\t\t<h4 class=\"elementor-post__title\">\r\n\t\t\t<a href=\"https:\/\/tufarmaciavirtual.com\/blog\/comparativa-wegovy-ozempic-mounjaro\/\" >\r\n\t\t\t\tINYECTABLES PARA ADELGAZAR y diabetes &#8211; Gu\u00eda esencial con todo lo que debes saber\t\t\t<\/a>\r\n\t\t<\/h4>\r\n\t\t\t\t<div class=\"elementor-post__excerpt\">\r\n\t\t\t<p>En Farmacia de L\u00f2ria en Andorra, comprendemos la importancia de ofrecer informaci\u00f3n precisa y confiable sobre los tratamientos m\u00e1s avanzados<\/p>\n\t\t<\/div>\r\n\t\t\r\n\t\t<a class=\"elementor-post__read-more\" href=\"https:\/\/tufarmaciavirtual.com\/blog\/comparativa-wegovy-ozempic-mounjaro\/\" aria-label=\"M\u00e1s informaci\u00f3n sobre INYECTABLES PARA ADELGAZAR y diabetes &#8211; Gu\u00eda esencial con todo lo que debes saber\" tabindex=\"-1\" >\r\n\t\t\tLeer m\u00e1s\t\t<\/a>\r\n\r\n\t\t\t\t<\/div>\r\n\t\t\t\t\t<\/div>\r\n\t\t<\/article>\r\n\t\t\t\t<article class=\"elementor-post elementor-grid-item post-1896 post type-post status-publish format-gallery has-post-thumbnail hentry category-faqs category-farmacia category-recetas tag-andorra tag-comprar-medicamentos-en-andorra tag-farmacia-andorra tag-medicamentos-con-receta tag-recetas post_format-post-format-gallery\">\r\n\t\t\t<div class=\"elementor-post__card\">\r\n\t\t\t\t<a class=\"elementor-post__thumbnail__link\" href=\"https:\/\/tufarmaciavirtual.com\/blog\/recetas-internacionales-se-puede-comprar-un-medicamento-en-andorra-con-una-receta-de-espana-ee-uu-o-argentina-lo-que-debes-saber\/\" tabindex=\"-1\" ><div class=\"elementor-post__thumbnail\"><img loading=\"lazy\" decoding=\"async\" width=\"1256\" height=\"620\" src=\"https:\/\/tufarmaciavirtual.com\/blog\/wp-content\/uploads\/2024\/07\/venta-con-receta-medica.jpg\" class=\"attachment-full size-full wp-image-1900\" alt=\"\" srcset=\"https:\/\/tufarmaciavirtual.com\/blog\/wp-content\/uploads\/2024\/07\/venta-con-receta-medica.jpg 1256w, https:\/\/tufarmaciavirtual.com\/blog\/wp-content\/uploads\/2024\/07\/venta-con-receta-medica-300x148.jpg 300w, https:\/\/tufarmaciavirtual.com\/blog\/wp-content\/uploads\/2024\/07\/venta-con-receta-medica-1024x505.jpg 1024w, https:\/\/tufarmaciavirtual.com\/blog\/wp-content\/uploads\/2024\/07\/venta-con-receta-medica-768x379.jpg 768w\" sizes=\"(max-width: 1256px) 100vw, 1256px\" \/><\/div><\/a>\r\n\t\t\t\t<div class=\"elementor-post__text\">\r\n\t\t\t\t<h4 class=\"elementor-post__title\">\r\n\t\t\t<a href=\"https:\/\/tufarmaciavirtual.com\/blog\/recetas-internacionales-se-puede-comprar-un-medicamento-en-andorra-con-una-receta-de-espana-ee-uu-o-argentina-lo-que-debes-saber\/\" >\r\n\t\t\t\tRECETAS INTERNACIONALES: \u00bfSe puede comprar un medicamento en Andorra con una receta de Espa\u00f1a, Francia u otro pa\u00eds? Lo que debes saber\t\t\t<\/a>\r\n\t\t<\/h4>\r\n\t\t\t\t<div class=\"elementor-post__excerpt\">\r\n\t\t\t<p>Esta gu\u00eda farmac\u00e9utica resuelve una de las preguntas m\u00e1s frecuentes de personas que tienen una receta en su pa\u00eds de<\/p>\n\t\t<\/div>\r\n\t\t\r\n\t\t<a class=\"elementor-post__read-more\" href=\"https:\/\/tufarmaciavirtual.com\/blog\/recetas-internacionales-se-puede-comprar-un-medicamento-en-andorra-con-una-receta-de-espana-ee-uu-o-argentina-lo-que-debes-saber\/\" aria-label=\"M\u00e1s informaci\u00f3n sobre RECETAS INTERNACIONALES: \u00bfSe puede comprar un medicamento en Andorra con una receta de Espa\u00f1a, Francia u otro pa\u00eds? Lo que debes saber\" tabindex=\"-1\" >\r\n\t\t\tLeer m\u00e1s\t\t<\/a>\r\n\r\n\t\t\t\t<\/div>\r\n\t\t\t\t\t<\/div>\r\n\t\t<\/article>\r\n\t\t\t\t<article class=\"elementor-post elementor-grid-item post-1638 post type-post status-publish format-standard has-post-thumbnail hentry category-viajeros category-medicamentos category-salud tag-avion tag-barco tag-biodramina tag-coche tag-mareo tag-nautamine tag-scopoderm tag-tren tag-viajes\">\r\n\t\t\t<div class=\"elementor-post__card\">\r\n\t\t\t\t<a class=\"elementor-post__thumbnail__link\" href=\"https:\/\/tufarmaciavirtual.com\/blog\/cual-elegir-scopoderm-biodramina-o-nautamine-para-prevenir-el-mareo-por-movimiento\/\" tabindex=\"-1\" ><div class=\"elementor-post__thumbnail\"><img loading=\"lazy\" decoding=\"async\" width=\"862\" height=\"247\" src=\"https:\/\/tufarmaciavirtual.com\/blog\/wp-content\/uploads\/2024\/08\/mareo-curvas-1.webp\" class=\"attachment-full size-full wp-image-1651\" alt=\"\" srcset=\"https:\/\/tufarmaciavirtual.com\/blog\/wp-content\/uploads\/2024\/08\/mareo-curvas-1.webp 862w, https:\/\/tufarmaciavirtual.com\/blog\/wp-content\/uploads\/2024\/08\/mareo-curvas-1-300x86.webp 300w, https:\/\/tufarmaciavirtual.com\/blog\/wp-content\/uploads\/2024\/08\/mareo-curvas-1-768x220.webp 768w\" sizes=\"(max-width: 862px) 100vw, 862px\" \/><\/div><\/a>\r\n\t\t\t\t<div class=\"elementor-post__text\">\r\n\t\t\t\t<h4 class=\"elementor-post__title\">\r\n\t\t\t<a href=\"https:\/\/tufarmaciavirtual.com\/blog\/cual-elegir-scopoderm-biodramina-o-nautamine-para-prevenir-el-mareo-por-movimiento\/\" >\r\n\t\t\t\tSCOPODERM, BIODRAMINA o NAUTAMINE: \u00bfCu\u00e1l Elegir para Prevenir el Mareo por movimiento?\t\t\t<\/a>\r\n\t\t<\/h4>\r\n\t\t\t\t<div class=\"elementor-post__excerpt\">\r\n\t\t\t<p>El mareo por movimiento, tambi\u00e9n conocido como cinetosis, es un problema com\u00fan que puede afectar a muchas personas durante viajes<\/p>\n\t\t<\/div>\r\n\t\t\r\n\t\t<a class=\"elementor-post__read-more\" href=\"https:\/\/tufarmaciavirtual.com\/blog\/cual-elegir-scopoderm-biodramina-o-nautamine-para-prevenir-el-mareo-por-movimiento\/\" aria-label=\"M\u00e1s informaci\u00f3n sobre SCOPODERM, BIODRAMINA o NAUTAMINE: \u00bfCu\u00e1l Elegir para Prevenir el Mareo por movimiento?\" tabindex=\"-1\" >\r\n\t\t\tLeer m\u00e1s\t\t<\/a>\r\n\r\n\t\t\t\t<\/div>\r\n\t\t\t\t\t<\/div>\r\n\t\t<\/article>\r\n\t\t\t\t<article class=\"elementor-post elementor-grid-item post-1904 post type-post status-publish format-standard has-post-thumbnail hentry category-faqs category-farmacia category-recetas tag-medicamentos tag-receta tag-viajar\">\r\n\t\t\t<div class=\"elementor-post__card\">\r\n\t\t\t\t<a class=\"elementor-post__thumbnail__link\" href=\"https:\/\/tufarmaciavirtual.com\/blog\/medicamentos-y-viajes-normas-y-documentacion-necesaria-para-viajar-con-medicamentos-de-prescripcion\/\" tabindex=\"-1\" ><div class=\"elementor-post__thumbnail\"><img loading=\"lazy\" decoding=\"async\" width=\"1200\" height=\"500\" src=\"https:\/\/tufarmaciavirtual.com\/blog\/wp-content\/uploads\/2025\/07\/medicamentos-en-avion-1.jpg\" class=\"attachment-full size-full wp-image-1907\" alt=\"\" srcset=\"https:\/\/tufarmaciavirtual.com\/blog\/wp-content\/uploads\/2025\/07\/medicamentos-en-avion-1.jpg 1200w, https:\/\/tufarmaciavirtual.com\/blog\/wp-content\/uploads\/2025\/07\/medicamentos-en-avion-1-300x125.jpg 300w, https:\/\/tufarmaciavirtual.com\/blog\/wp-content\/uploads\/2025\/07\/medicamentos-en-avion-1-1024x427.jpg 1024w, https:\/\/tufarmaciavirtual.com\/blog\/wp-content\/uploads\/2025\/07\/medicamentos-en-avion-1-768x320.jpg 768w\" sizes=\"(max-width: 1200px) 100vw, 1200px\" \/><\/div><\/a>\r\n\t\t\t\t<div class=\"elementor-post__text\">\r\n\t\t\t\t<h4 class=\"elementor-post__title\">\r\n\t\t\t<a href=\"https:\/\/tufarmaciavirtual.com\/blog\/medicamentos-y-viajes-normas-y-documentacion-necesaria-para-viajar-con-medicamentos-de-prescripcion\/\" >\r\n\t\t\t\tMEDICAMENTOS Y VIAJES: normas y documentaci\u00f3n necesaria para viajar con medicamentos de prescripci\u00f3n\t\t\t<\/a>\r\n\t\t<\/h4>\r\n\t\t\t\t<div class=\"elementor-post__excerpt\">\r\n\t\t\t<p>\u00bfEst\u00e1s planificando un viaje y necesitas llevar contigo medicamentos con receta? Desde nuestra Farm\u00e0cia de Andorra hemos elaborado esta gu\u00eda<\/p>\n\t\t<\/div>\r\n\t\t\r\n\t\t<a class=\"elementor-post__read-more\" href=\"https:\/\/tufarmaciavirtual.com\/blog\/medicamentos-y-viajes-normas-y-documentacion-necesaria-para-viajar-con-medicamentos-de-prescripcion\/\" aria-label=\"M\u00e1s informaci\u00f3n sobre MEDICAMENTOS Y VIAJES: normas y documentaci\u00f3n necesaria para viajar con medicamentos de prescripci\u00f3n\" tabindex=\"-1\" >\r\n\t\t\tLeer m\u00e1s\t\t<\/a>\r\n\r\n\t\t\t\t<\/div>\r\n\t\t\t\t\t<\/div>\r\n\t\t<\/article>\r\n\t\t\t\t<\/div>\r\n\t\t\r\n\t\t\t\t<\/div>\n\t\t\t\t<\/div>\n\t\t\t\t\t<\/div>\n\t\t\t\t<\/div>\n\t\t<div class=\"elementor-element elementor-element-dd861fe e-con-full e-flex e-con e-parent\" data-id=\"dd861fe\" data-element_type=\"container\" data-settings=\"{&quot;content_width&quot;:&quot;full&quot;,&quot;container_type&quot;:&quot;flex&quot;}\" data-core-v316-plus=\"true\">\n\t\t\t\t<div class=\"elementor-element elementor-element-0da8e7b elementor-widget elementor-widget-heading\" data-id=\"0da8e7b\" data-element_type=\"widget\" data-widget_type=\"heading.default\">\n\t\t\t\t<div class=\"elementor-widget-container\">\n\t\t\t<h2 class=\"elementor-heading-title elementor-size-default\">T\u00e9rminos destacados<\/h2>\t\t<\/div>\n\t\t\t\t<\/div>\n\t\t\t\t<div class=\"elementor-element elementor-element-e35f6cd carousel elementor-pagination-position-outside elementor-widget elementor-widget-image-carousel\" data-id=\"e35f6cd\" data-element_type=\"widget\" data-settings=\"{&quot;slides_to_show&quot;:&quot;5&quot;,&quot;navigation&quot;:&quot;dots&quot;,&quot;autoplay&quot;:&quot;no&quot;,&quot;infinite&quot;:&quot;no&quot;,&quot;speed&quot;:500}\" data-widget_type=\"image-carousel.default\">\n\t\t\t\t<div class=\"elementor-widget-container\">\n\t\t\t<style>\/*! elementor - v3.19.0 - 28-02-2024 *\/\n.elementor-widget-image-carousel .swiper,.elementor-widget-image-carousel .swiper-container{position:static}.elementor-widget-image-carousel .swiper-container .swiper-slide figure,.elementor-widget-image-carousel .swiper .swiper-slide figure{line-height:inherit}.elementor-widget-image-carousel .swiper-slide{text-align:center}.elementor-image-carousel-wrapper:not(.swiper-container-initialized):not(.swiper-initialized) .swiper-slide{max-width:calc(100% \/ var(--e-image-carousel-slides-to-show, 3))}<\/style>\t\t<div class=\"elementor-image-carousel-wrapper swiper\" dir=\"ltr\">\n\t\t\t<div class=\"elementor-image-carousel swiper-wrapper\" aria-live=\"polite\">\n\t\t\t\t\t\t\t\t<div class=\"swiper-slide\" role=\"group\" aria-roledescription=\"slide\" aria-label=\"1 de 5\"><figure class=\"swiper-slide-inner\"><img decoding=\"async\" class=\"swiper-slide-image\" src=\"https:\/\/tufarmaciavirtual.com\/blog\/wp-content\/uploads\/2024\/02\/vit-e-150x150.png\" alt=\"VITAMIA-E\" \/><figcaption class=\"elementor-image-carousel-caption\">VITAMIA-E<\/figcaption><\/figure><\/div><div class=\"swiper-slide\" role=\"group\" aria-roledescription=\"slide\" aria-label=\"2 de 5\"><figure class=\"swiper-slide-inner\"><img decoding=\"async\" class=\"swiper-slide-image\" src=\"https:\/\/tufarmaciavirtual.com\/blog\/wp-content\/uploads\/2024\/02\/manzanilla-150x150.jpg\" alt=\"MANZANILLA\" \/><figcaption class=\"elementor-image-carousel-caption\">MANZANILLA<\/figcaption><\/figure><\/div><div class=\"swiper-slide\" role=\"group\" aria-roledescription=\"slide\" aria-label=\"3 de 5\"><figure class=\"swiper-slide-inner\"><img decoding=\"async\" class=\"swiper-slide-image\" src=\"https:\/\/tufarmaciavirtual.com\/blog\/wp-content\/uploads\/2024\/02\/16-blog-rrss-fb-3-150x150.jpg\" alt=\"CLORHEXIDINA\" \/><figcaption class=\"elementor-image-carousel-caption\">CLORHEXIDINA<\/figcaption><\/figure><\/div><div class=\"swiper-slide\" role=\"group\" aria-roledescription=\"slide\" aria-label=\"4 de 5\"><figure class=\"swiper-slide-inner\"><img decoding=\"async\" class=\"swiper-slide-image\" src=\"https:\/\/tufarmaciavirtual.com\/blog\/wp-content\/uploads\/2024\/02\/lecitinadesoja-150x150.jpg\" alt=\"LETINA DE SOJA\" \/><figcaption class=\"elementor-image-carousel-caption\">LETINA DE SOJA<\/figcaption><\/figure><\/div><div class=\"swiper-slide\" role=\"group\" aria-roledescription=\"slide\" aria-label=\"5 de 5\"><figure class=\"swiper-slide-inner\"><img decoding=\"async\" class=\"swiper-slide-image\" src=\"https:\/\/tufarmaciavirtual.com\/blog\/wp-content\/uploads\/2024\/02\/plantilla-blog-2-2-150x150.jpg\" alt=\"GLAUC\u00d3METRO\" \/><figcaption class=\"elementor-image-carousel-caption\">GLAUC\u00d3METRO<\/figcaption><\/figure><\/div>\t\t\t<\/div>\n\t\t\t\t\t\t\t\n\t\t\t\t\t\t\t\t\t<div class=\"swiper-pagination\"><\/div>\n\t\t\t\t\t\t\t\t\t<\/div>\n\t\t\t\t<\/div>\n\t\t\t\t<\/div>\n\t\t\t\t<\/div>\n\t\t\t\t<\/div>\n\t\t","protected":false},"excerpt":{"rendered":"<p>Bienvenidos al blog de la Farm\u00e0cia de L\u00f2ria Tu salud, nuestra sonrisa Posts Destacados T\u00e9rminos destacados VITAMIA-E MANZANILLA CLORHEXIDINA LETINA [&hellip;]<\/p>\n","protected":false},"author":1,"featured_media":0,"parent":0,"menu_order":0,"comment_status":"closed","ping_status":"closed","template":"","meta":{"site-sidebar-layout":"no-sidebar","site-content-layout":"plain-container","ast-site-content-layout":"full-width-container","site-content-style":"default","site-sidebar-style":"default","ast-global-header-display":"","ast-banner-title-visibility":"","ast-main-header-display":"","ast-hfb-above-header-display":"","ast-hfb-below-header-display":"","ast-hfb-mobile-header-display":"","site-post-title":"disabled","ast-breadcrumbs-content":"","ast-featured-img":"disabled","footer-sml-layout":"","theme-transparent-header-meta":"enabled","adv-header-id-meta":"","stick-header-meta":"","header-above-stick-meta":"","header-main-stick-meta":"","header-below-stick-meta":"","astra-migrate-meta-layouts":"default","ast-page-background-enabled":"default","ast-page-background-meta":{"desktop":{"background-color":"var(--ast-global-color-4)","background-image":"","background-repeat":"repeat","background-position":"center center","background-size":"auto","background-attachment":"scroll","background-type":"","background-media":"","overlay-type":"","overlay-color":"","overlay-gradient":""},"tablet":{"background-color":"","background-image":"","background-repeat":"repeat","background-position":"center center","background-size":"auto","background-attachment":"scroll","background-type":"","background-media":"","overlay-type":"","overlay-color":"","overlay-gradient":""},"mobile":{"background-color":"","background-image":"","background-repeat":"repeat","background-position":"center center","background-size":"auto","background-attachment":"scroll","background-type":"","background-media":"","overlay-type":"","overlay-color":"","overlay-gradient":""}},"ast-content-background-meta":{"desktop":{"background-color":"var(--ast-global-color-5)","background-image":"","background-repeat":"repeat","background-position":"center center","background-size":"auto","background-attachment":"scroll","background-type":"","background-media":"","overlay-type":"","overlay-color":"","overlay-gradient":""},"tablet":{"background-color":"var(--ast-global-color-5)","background-image":"","background-repeat":"repeat","background-position":"center center","background-size":"auto","background-attachment":"scroll","background-type":"","background-media":"","overlay-type":"","overlay-color":"","overlay-gradient":""},"mobile":{"background-color":"var(--ast-global-color-5)","background-image":"","background-repeat":"repeat","background-position":"center center","background-size":"auto","background-attachment":"scroll","background-type":"","background-media":"","overlay-type":"","overlay-color":"","overlay-gradient":""}},"footnotes":""},"class_list":["post-29","page","type-page","status-publish","hentry"],"_links":{"self":[{"href":"https:\/\/tufarmaciavirtual.com\/blog\/wp-json\/wp\/v2\/pages\/29","targetHints":{"allow":["GET"]}}],"collection":[{"href":"https:\/\/tufarmaciavirtual.com\/blog\/wp-json\/wp\/v2\/pages"}],"about":[{"href":"https:\/\/tufarmaciavirtual.com\/blog\/wp-json\/wp\/v2\/types\/page"}],"author":[{"embeddable":true,"href":"https:\/\/tufarmaciavirtual.com\/blog\/wp-json\/wp\/v2\/users\/1"}],"replies":[{"embeddable":true,"href":"https:\/\/tufarmaciavirtual.com\/blog\/wp-json\/wp\/v2\/comments?post=29"}],"version-history":[{"count":12,"href":"https:\/\/tufarmaciavirtual.com\/blog\/wp-json\/wp\/v2\/pages\/29\/revisions"}],"predecessor-version":[{"id":1398,"href":"https:\/\/tufarmaciavirtual.com\/blog\/wp-json\/wp\/v2\/pages\/29\/revisions\/1398"}],"wp:attachment":[{"href":"https:\/\/tufarmaciavirtual.com\/blog\/wp-json\/wp\/v2\/media?parent=29"}],"curies":[{"name":"wp","href":"https:\/\/api.w.org\/{rel}","templated":true}]}}